{"id":42,"date":"2021-10-10T05:03:13","date_gmt":"2021-10-10T05:03:13","guid":{"rendered":"https:\/\/people.utm.my\/iskandarshah\/?page_id=42"},"modified":"2024-06-24T03:17:26","modified_gmt":"2024-06-24T03:17:26","slug":"profile","status":"publish","type":"page","link":"https:\/\/people.utm.my\/iskandarshah\/","title":{"rendered":"Profile"},"content":{"rendered":"\n<div style=\"height:50px\" aria-hidden=\"true\" class=\"wp-block-spacer\"><\/div>\n\n\n\n<div class=\"wp-block-columns alignwide is-layout-flex wp-container-core-columns-is-layout-9d6595d7 wp-block-columns-is-layout-flex\">\n<div class=\"wp-block-column is-layout-flow wp-block-column-is-layout-flow\" style=\"flex-basis:15%\">\n<figure class=\"wp-block-image size-medium\"><img loading=\"lazy\" decoding=\"async\" width=\"214\" height=\"300\" src=\"https:\/\/people.utm.my\/iskandarshah\/wp-content\/uploads\/sites\/2624\/2021\/10\/Dr.Iskandar_13.08.2020-214x300.jpg\" alt=\"\" class=\"wp-image-140\" srcset=\"https:\/\/people.utm.my\/iskandarshah\/wp-content\/uploads\/sites\/2624\/2021\/10\/Dr.Iskandar_13.08.2020-214x300.jpg 214w, https:\/\/people.utm.my\/iskandarshah\/wp-content\/uploads\/sites\/2624\/2021\/10\/Dr.Iskandar_13.08.2020-732x1024.jpg 732w, https:\/\/people.utm.my\/iskandarshah\/wp-content\/uploads\/sites\/2624\/2021\/10\/Dr.Iskandar_13.08.2020-768x1075.jpg 768w, https:\/\/people.utm.my\/iskandarshah\/wp-content\/uploads\/sites\/2624\/2021\/10\/Dr.Iskandar_13.08.2020-1097x1536.jpg 1097w, https:\/\/people.utm.my\/iskandarshah\/wp-content\/uploads\/sites\/2624\/2021\/10\/Dr.Iskandar_13.08.2020-1463x2048.jpg 1463w, https:\/\/people.utm.my\/iskandarshah\/wp-content\/uploads\/sites\/2624\/2021\/10\/Dr.Iskandar_13.08.2020.jpg 1559w\" sizes=\"auto, (max-width: 214px) 100vw, 214px\" \/><\/figure>\n<\/div>\n\n\n\n<div class=\"wp-block-column is-layout-flow wp-block-column-is-layout-flow\" style=\"flex-basis:85%\">\n<p><\/p>\n\n\n\n<div style=\"height:20px\" aria-hidden=\"true\" class=\"wp-block-spacer\"><\/div>\n\n\n\n<p><strong>ASSOCIATE PROF. IR. DR. ISKANDAR SHAH BIN HJ ISHAK <\/strong>PEng CEng CMarEng MIMarEST<\/p>\n\n\n\n<p>Office Room: C25-409<\/p>\n\n\n\n<p>Telephone: +60127225349<\/p>\n\n\n\n<p>Email&nbsp; : shah@utm.my&nbsp; \/ shah@mail.fkm.utm.my<\/p>\n\n\n\n<p>Research Group: Applied Aerodynamic Research Group (AARG)<\/p>\n<\/div>\n<\/div>\n\n\n\n<div style=\"height:20px\" aria-hidden=\"true\" class=\"wp-block-spacer\"><\/div>\n\n\n\n<p><\/p>\n\n\n\n<h2 class=\"wp-block-heading has-background has-medium-font-size\" style=\"background-color:#a4f1f2\">Educational Background<\/h2>\n\n\n\n<ul class=\"wp-block-list\">\n<li>MCE, Malay College Kuala Kangsar (MCKK) &#8211; 1990<\/li>\n\n\n\n<li>B.Eng in Mechanical Engineering (Aeronautics), Universiti Teknologi Malaysia &#8211; 1996<\/li>\n\n\n\n<li>Mast\u00e8re Sp\u00e9cialis\u00e9 (Techniques A\u00e9ronautique et Spatiales), \u00c9cole Nationale Sup\u00e9rieure de l\u2019A\u00e9ronautique et de l\u2019Espace (SUPAERO), France &#8211; 1998<\/li>\n\n\n\n<li>PhD in Unsteady Aerodynamic Wake of Helicopter Main-Rotor-Hub Assembly, UTM &#8211; 2012<\/li>\n<\/ul>\n\n\n\n<div style=\"height:20px\" aria-hidden=\"true\" class=\"wp-block-spacer\"><\/div>\n\n\n\n<h2 class=\"wp-block-heading has-background has-medium-font-size\" style=\"background-color:#a4f1f2\">Years of Experience<\/h2>\n\n\n\n<ul class=\"wp-block-list\">\n<li>Samsung Electron Devices, N. Sembilan:&nbsp; 1996-97<\/li>\n\n\n\n<li>Universiti Teknologi Malaysia: &nbsp;&nbsp;1997 to Present<\/li>\n<\/ul>\n\n\n\n<div style=\"height:20px\" aria-hidden=\"true\" class=\"wp-block-spacer\"><\/div>\n\n\n\n<div style=\"height:20px\" aria-hidden=\"true\" class=\"wp-block-spacer\"><\/div>\n\n\n\n<h2 class=\"wp-block-heading has-background has-medium-font-size\" style=\"background-color:#a4f1f2\">Professional Body Membership<\/h2>\n\n\n\n<ul class=\"wp-block-list\">\n<li>Graduate Engineer, Board of Engineers Malaysia (BEM)<\/li>\n\n\n\n<li>Graduate Member, Institution of Engineers Malaysia (IEM)<\/li>\n\n\n\n<li>Member of Institute of Marine Engineering, Science &amp; Technology (IMarEST)<\/li>\n\n\n\n<li>CEng<strong>, <\/strong>Engineering Council UK<\/li>\n\n\n\n<li>PEng, Board of Engineers Malaysia (BEM)<\/li>\n<\/ul>\n\n\n\n<div style=\"height:20px\" aria-hidden=\"true\" class=\"wp-block-spacer\"><\/div>\n\n\n\n<h2 class=\"wp-block-heading has-background has-medium-font-size\" style=\"background-color:#a4f1f2\">Programme Examiner<\/h2>\n\n\n\n<ul class=\"wp-block-list\">\n<li>External Examiner for the Diploma Engineering Technology in Helicopter Maintenance Programme (UniKL- MIAT) for academic session 2019 &#8211; 2024.<\/li>\n<\/ul>\n\n\n\n<div style=\"height:20px\" aria-hidden=\"true\" class=\"wp-block-spacer\"><\/div>\n\n\n\n<h2 class=\"wp-block-heading has-background has-medium-font-size\" style=\"background-color:#a4f1f2\">Awards<\/h2>\n\n\n\n<ul class=\"wp-block-list\">\n<li>Blended Learning Award (Award of Excellence) for 5 courses_Session 2020\/2021<\/li>\n\n\n\n<li>Blended Learning Award (Award of Excellence) for 3 courses_Session 2019\/2020<\/li>\n\n\n\n<li>Anugerah Jasa Bakti UTM (2019)<\/li>\n\n\n\n<li>Compliments from Malaysia Joint Branch, RINA &amp; IMarEST (2019)<\/li>\n\n\n\n<li>Compliments from Malaysia Joint Branch, RINA &amp; IMarEST (2019)<\/li>\n\n\n\n<li>Naib Johan Pertandingan Cabaran Inovasi Inklusif 2018 Bagi Zon Selatan (2018)<\/li>\n\n\n\n<li>Certificate of Appreciation for UTM Publication Award (2008)<\/li>\n\n\n\n<li>Excellent Service Award, Universiti Teknologi Malaysia (2002)<\/li>\n\n\n\n<li>French Aeronautics &amp; Space Industry Awards (<strong>FASIA<\/strong>) (1998)<\/li>\n\n\n\n<li>UTM (3-star rating) \u2013 STEM Activity with SM Teknik Johor Bahru (2021)<\/li>\n\n\n\n<li>UTM (4-star rating) \u2013 STEM Activity with SMK Sri Skudai, Johor (2021)<\/li>\n<\/ul>\n","protected":false},"excerpt":{"rendered":"<p>ASSOCIATE PROF. IR. DR. ISKANDAR SHAH BIN HJ ISHAK PEng CEng CMarEng MIMarEST Office Room: C25-409 Telephone: +60127225349 Email&nbsp; : shah@utm.my&nbsp; \/ shah@mail.fkm.utm.my Research Group: Applied Aerodynamic Research Group (AARG) Educational Background Years of Experience Professional Body Membership Programme Examiner Awards<\/p>\n","protected":false},"author":24689,"featured_media":0,"parent":0,"menu_order":0,"comment_status":"closed","ping_status":"closed","template":"","meta":{"footnotes":""},"class_list":["post-42","page","type-page","status-publish","hentry"],"_links":{"self":[{"href":"https:\/\/people.utm.my\/iskandarshah\/wp-json\/wp\/v2\/pages\/42","targetHints":{"allow":["GET"]}}],"collection":[{"href":"https:\/\/people.utm.my\/iskandarshah\/wp-json\/wp\/v2\/pages"}],"about":[{"href":"https:\/\/people.utm.my\/iskandarshah\/wp-json\/wp\/v2\/types\/page"}],"author":[{"embeddable":true,"href":"https:\/\/people.utm.my\/iskandarshah\/wp-json\/wp\/v2\/users\/24689"}],"replies":[{"embeddable":true,"href":"https:\/\/people.utm.my\/iskandarshah\/wp-json\/wp\/v2\/comments?post=42"}],"version-history":[{"count":34,"href":"https:\/\/people.utm.my\/iskandarshah\/wp-json\/wp\/v2\/pages\/42\/revisions"}],"predecessor-version":[{"id":326,"href":"https:\/\/people.utm.my\/iskandarshah\/wp-json\/wp\/v2\/pages\/42\/revisions\/326"}],"wp:attachment":[{"href":"https:\/\/people.utm.my\/iskandarshah\/wp-json\/wp\/v2\/media?parent=42"}],"curies":[{"name":"wp","href":"https:\/\/api.w.org\/{rel}","templated":true}]}}