{"id":282,"date":"2012-10-10T08:58:38","date_gmt":"2012-10-10T00:58:38","guid":{"rendered":"http:\/\/comp.utm.my\/azman2\/?page_id=282"},"modified":"2025-09-03T12:23:12","modified_gmt":"2025-09-03T04:23:12","slug":"conference-proceedings","status":"publish","type":"page","link":"https:\/\/people.utm.my\/mdkhair\/conference-proceedings\/","title":{"rendered":"Conference Proceedings"},"content":{"rendered":"\n<figure class=\"wp-block-table\"><table class=\"has-fixed-layout\"><tbody><tr><td>1<\/td><td>NON- INDEXED PROCEEDINGS\/CONFERENCE<\/td><td>UNDERSTANDING GREEN RADIO COMMUNICATION NETWORK SYSTEMS IN A POPBL ENVIRONMENT<\/td><td>2019<\/td><td>HANIFAH BINTI JAMBARI, KAMALULARIFIN BIN SUBARI, MUHAMMAD KHAIR BIN NOORDIN<\/td><\/tr><tr><td>2<\/td><td>NON- INDEXED PROCEEDINGS\/CONFERENCE<\/td><td>TAHAP KESEDARAN AUTISME DALAM KALANGAN GURU-GURU TABIKA PERPADUAN NEGERI JOHOR<\/td><td>2019<\/td><td>DAYANA FARZEEHA BINTI ALI, MUHAMMAD KHAIR BIN NOORDIN, NURUL FARHANA BINTI JUMAAT, NORAZRENA BINTI ABU SAMAH, ZAKIAH BINTI MOHAMAD ASHARI<\/td><\/tr><tr><td>3<\/td><td>NON- INDEXED PROCEEDINGS\/CONFERENCE<\/td><td>DEVELOPING FOURTH INDUSTRIAL REVOLUTION READY ELECTRONICS ENGINEERS IN A PROBLEM-ORIENTED PROJECT-BASED LEARNING ENVIRONMENT. A CONCEPTUAL FRAMEWORK.<\/td><td>2019<\/td><td>HANIFAH BINTI JAMBARI, KAMALULARIFIN BIN SUBARI, MUHAMMAD KHAIR BIN NOORDIN, SARIMAH BT. ISMAIL<\/td><\/tr><tr><td>4<\/td><td>NON- INDEXED PROCEEDINGS\/CONFERENCE<\/td><td>INNOVATIVE PRODUCT DEVELOPMENT THROUGH INNOVATION-BASED LEARNING STRATEGY<\/td><td>2019<\/td><td>SARIMAH BT. ISMAIL, MUHAMMAD KHAIR BIN NOORDIN<\/td><\/tr><tr><td>5<\/td><td>NON- INDEXED PROCEEDINGS\/CONFERENCE<\/td><td>A STRUCTURED 8 DISCIPLINES METHODOLOGY TO DEVELOP PROBLEM SOLVING SKILLS AMONG ENGINEERING STUDENTS DURING INTERNSHIP :A SYSTEMATIC LITERATURE REVIEW<\/td><td>2019<\/td><td>MUHAMMAD KHAIR BIN NOORDIN<\/td><\/tr><tr><td>6<\/td><td>NON- INDEXED PROCEEDINGS\/CONFERENCE<\/td><td>THREE COMBINE VARIATION TO DERIVE EQUATION FROM GRAPH IN PHYSICS CLASSROOM<\/td><td>2019<\/td><td>MUHAMMAD KHAIR BIN NOORDIN<\/td><\/tr><tr><td>7<\/td><td>NON- INDEXED PROCEEDINGS\/CONFERENCE<\/td><td>AN OVERVIEW OF ENGINEERING AND RELATED PROGRAMS\u00c3\u00c2\u00a2\u00c3\u00c2\u00c3\u00c2 TEACHING METHODS IN NIGERIA<\/td><td>2018<\/td><td>HANIFAH BINTI JAMBARI, KAMALULARIFIN BIN SUBARI, MUHAMMAD KHAIR BIN NOORDIN<\/td><\/tr><tr><td>8<\/td><td>NON- INDEXED PROCEEDINGS\/CONFERENCE<\/td><td>COMPETENCY LEVEL OF TECHNICAL KNOWLEDGE FOR ELECTRONIC LECTURERS IN VOCATIONAL COLLEGE, MALAYSIA<\/td><td>2017<\/td><td>AHMAD NABIL BIN MD. NASIR, NUR HUSNA BINTI ABD. WAHID, ADNAN BIN AHMAD, AMIRMUDIN BIN UDIN, MUHAMMAD KHAIR BIN NOORDIN<\/td><\/tr><tr><td>9<\/td><td>NON- INDEXED PROCEEDINGS\/CONFERENCE<\/td><td>FRAMEWORK FOR PROJECT BASED LEARNING (BJBL) PROVIDING REAL WORLD EXPERIENCE FOR ELECTRICAL ENGINEERING STUDENTS<\/td><td>2017<\/td><td>SARIMAH BT. ISMAIL, MUHAMMAD KHAIR BIN NOORDIN, DAYANA FARZEEHA BINTI ALI, AHMAD NABIL BIN MD. NASIR, MOHD SAFARIN BIN NORDIN<\/td><\/tr><tr><td>10<\/td><td>NON- INDEXED PROCEEDINGS\/CONFERENCE<\/td><td>PROJECT-BASED LEARNING (PJBL) FRAMEWORK IN DEVELOPING NON-TECHNICAL SKILLS FOR ENGINEERING STUDENTS<\/td><td>2016<\/td><td>MUHAMMAD KHAIR BIN NOORDIN, MOHD SAFARIN BIN NORDIN<\/td><\/tr><tr><td>11<\/td><td>NON- INDEXED PROCEEDINGS\/CONFERENCE<\/td><td>THE EFFECTIVENESS OF THE USE OF GUIDED INQUIRY LEARNING-BASED WORK SHEET IN ELECTRIC CIRCUIT<\/td><td>2016<\/td><td>MUHAMMAD KHAIR BIN NOORDIN, KAMALULARIFIN BIN SUBARI, AMIRMUDIN BIN UDIN<\/td><\/tr><tr><td>12<\/td><td>NON- INDEXED PROCEEDINGS\/CONFERENCE<\/td><td>LEVEL OF NON-TECHNICAL SKILLS AMONG ELECTRICAL ENGINEERS IN MALAYSIA: PERCEPTIONS FROM FRESH ENGINEERS AND SENIOR ENGINEERS<\/td><td>2016<\/td><td>MUHAMMAD KHAIR BIN NOORDIN, MOHD SAFARIN BIN NORDIN<\/td><\/tr><tr><td>13<\/td><td>NON- INDEXED PROCEEDINGS\/CONFERENCE<\/td><td>FRAMEWORK FOR PROJECT-BASED LEARNING (PJBL) IN PROVIDING REAL WORLD EXPERIENCE FOR ELECTRICAL ENGINEERING STUDENTS<\/td><td>2016<\/td><td>MUHAMMAD KHAIR BIN NOORDIN, SARIMAH BT. ISMAIL, MOHD SAFARIN BIN NORDIN, DAYANA FARZEEHA BINTI ALI, AHMAD NABIL BIN MD. NASIR<\/td><\/tr><tr><td>14<\/td><td>NON- INDEXED PROCEEDINGS\/CONFERENCE<\/td><td>EFFECT OF VIRTUAL ENVIRONMENT COURSEWARE IN LEARNING ENGINEERING DRAWING<\/td><td>2015<\/td><td>DAYANA FARZEEHA BINTI ALI, MUHAMMAD KHAIR BIN NOORDIN, ADNAN BIN AHMAD, NURBIHA BINTI A. SHUKOR, NOOR DAYANA BINTI ABD HALIM<\/td><\/tr><tr><td>15<\/td><td>NON- INDEXED PROCEEDINGS\/CONFERENCE<\/td><td>SELF-DEVELOPMENT TEACHING MODULE<\/td><td>2015<\/td><td>DAYANA FARZEEHA BINTI ALI, MAHANI BTE MOKHTAR, NOR HASNIZA BINTI IBRAHIM, MUHAMMAD KHAIR BIN NOORDIN, NORASYKIN BINTI MOHD ZAID<\/td><\/tr><tr><td>16<\/td><td>NON- INDEXED PROCEEDINGS\/CONFERENCE<\/td><td>PENGGUNAAN KAEDAH INKUIRI TERBIMBING DALAM PENGAJARAN DAN PEMBELAJARAN BAGI MATA PELAJARAN KEMAHIRAN HIDUP BERSEPADU<\/td><td>2014<\/td><td>DAYANA FARZEEHA BINTI ALI, KAMALULARIFIN BIN SUBARI, MUHAMMAD KHAIR BIN NOORDIN&nbsp;&nbsp;&nbsp;&nbsp;&nbsp;&nbsp;&nbsp;&nbsp;<\/td><\/tr><tr><td>17<\/td><td>NON- INDEXED PROCEEDINGS\/CONFERENCE<\/td><td>TAHAP KEBOLEHAN RUANG (SPATIAL ABILITY) DALAM KALANGAN PELAJAR SEKOLAH AKADEMIK BAGI MATAPELAJARAN LUKISAN KEJURUTERAAN.<\/td><td>2014<\/td><td>DAYANA FARZEEHA BINTI ALI, KAMALULARIFIN BIN SUBARI, MUHAMMAD KHAIR BIN NOORDIN&nbsp;&nbsp;&nbsp;&nbsp;&nbsp;&nbsp;&nbsp;&nbsp; &nbsp; &nbsp;<\/td><\/tr><tr><td>18<\/td><td>NON- INDEXED PROCEEDINGS\/CONFERENCE<\/td><td>KAJIAN KEPERLUAN KERANGKA PENGAJARAN PRAKTIKAL SUBJEK ELEKTRONIK DI KOLEJ VOKASIONAL&nbsp;&nbsp;<\/td><td>2014<\/td><td>DAYANA FARZEEHA BINTI ALI, KAMALULARIFIN BIN SUBARI, MUHAMMAD KHAIR BIN NOORDIN&nbsp;&nbsp;&nbsp;&nbsp;&nbsp;&nbsp;&nbsp;&nbsp; &nbsp; &nbsp;<\/td><\/tr><tr><td>19<\/td><td>NON- INDEXED PROCEEDINGS\/CONFERENCE<\/td><td>VIRTUAL ENVIRONMENT COURSEWARE IN TEACHING ENGINEERING DRAWING TO ENHANCE STUDENTS&#8217; VISUALIZATION SKILLS<\/td><td>2014<\/td><td>DAYANA FARZEEHA BINTI ALI, ADNAN BIN AHMAD, MUHAMMAD KHAIR BIN NOORDIN, MAHYUDDIN BIN ARSAT<\/td><\/tr><\/tbody><\/table><\/figure>\n","protected":false},"excerpt":{"rendered":"<p>1 NON- INDEXED PROCEEDINGS\/CONFERENCE UNDERSTANDING GREEN RADIO COMMUNICATION NETWORK SYSTEMS IN A POPBL ENVIRONMENT 2019 HANIFAH BINTI JAMBARI, KAMALULARIFIN BIN SUBARI, MUHAMMAD KHAIR BIN NOORDIN 2 NON- INDEXED PROCEEDINGS\/CONFERENCE TAHAP KESEDARAN AUTISME DALAM KALANGAN GURU-GURU TABIKA PERPADUAN NEGERI JOHOR 2019 DAYANA FARZEEHA BINTI ALI, MUHAMMAD KHAIR BIN NOORDIN, NURUL FARHANA BINTI JUMAAT, NORAZRENA BINTI ABU [&hellip;]<\/p>\n","protected":false},"author":1,"featured_media":0,"parent":0,"menu_order":0,"comment_status":"closed","ping_status":"open","template":"","meta":{"footnotes":""},"class_list":["post-282","page","type-page","status-publish","hentry","entry"],"_links":{"self":[{"href":"https:\/\/people.utm.my\/mdkhair\/wp-json\/wp\/v2\/pages\/282","targetHints":{"allow":["GET"]}}],"collection":[{"href":"https:\/\/people.utm.my\/mdkhair\/wp-json\/wp\/v2\/pages"}],"about":[{"href":"https:\/\/people.utm.my\/mdkhair\/wp-json\/wp\/v2\/types\/page"}],"author":[{"embeddable":true,"href":"https:\/\/people.utm.my\/mdkhair\/wp-json\/wp\/v2\/users\/1"}],"replies":[{"embeddable":true,"href":"https:\/\/people.utm.my\/mdkhair\/wp-json\/wp\/v2\/comments?post=282"}],"version-history":[{"count":1,"href":"https:\/\/people.utm.my\/mdkhair\/wp-json\/wp\/v2\/pages\/282\/revisions"}],"predecessor-version":[{"id":561,"href":"https:\/\/people.utm.my\/mdkhair\/wp-json\/wp\/v2\/pages\/282\/revisions\/561"}],"wp:attachment":[{"href":"https:\/\/people.utm.my\/mdkhair\/wp-json\/wp\/v2\/media?parent=282"}],"curies":[{"name":"wp","href":"https:\/\/api.w.org\/{rel}","templated":true}]}}