{"id":4722,"date":"2025-07-06T10:30:09","date_gmt":"2025-07-06T10:30:09","guid":{"rendered":"https:\/\/people.utm.my\/mohdshahrizanmohdsaad\/?page_id=4722"},"modified":"2025-07-06T10:30:15","modified_gmt":"2025-07-06T10:30:15","slug":"jom-layan-borak-seksyen","status":"publish","type":"page","link":"https:\/\/people.utm.my\/mohdshahrizanmohdsaad\/jom-layan-borak-seksyen\/","title":{"rendered":"Jom Layan Borak Seksyen"},"content":{"rendered":"\n<div style=\"text-align:center;margin-bottom: 15px\">\n  <img decoding=\"async\" src=\"https:\/\/people.utm.my\/mohdshahrizanmohdsaad\/files\/2024\/07\/gambar-tuan.jpg\" alt=\"Mohd Shahrizan\" width=\"130\" style=\"border-radius: 50%\">\n<\/div>\n\n<div style=\"background:#f0fdf4;padding:20px;border-radius:12px;border:1px solid #d1fae5;margin-bottom:15px\">\n  <p style=\"font-size: 1.2em;color:#047857;line-height:1.8;text-align:center\">\n    \u0628\u0650\u0633\u0652\u0645\u0650 \u0627\u0644\u0644\u0647\u0650 \u0627\u0644\u0631\u064e\u0651\u062d\u0652\u0645\u0670\u0646\u0650 \u0627\u0644\u0631\u064e\u0651\u062d\u0650\u064a\u0652\u0645\u0650<br>\n    \u0627\u064e\u0644\u0644\u0651\u064e\u0647\u064f\u0645\u0651\u064e \u0635\u064e\u0644\u0651\u0650 \u0639\u064e\u0644\u0670\u0649 \u0633\u064e\u064a\u0651\u0650\u062f\u0650\u0646\u064e\u0627 \u0645\u064f\u062d\u064e\u0645\u0651\u064e\u062f\u064d \u0648\u064e\u0639\u064e\u0644\u0670\u0649 \u0627\u0670\u0644\u0650 \u0633\u064e\u064a\u0651\u0650\u062f\u0650\u0646\u064e\u0627 \u0645\u064f\u062d\u064e\u0645\u0651\u064e\u062f\u064d<br>\n    All\u0101humma \u1e62alli \u2018Al\u0101 Sayyidin\u0101 Mu\u1e25ammad Wa \u2018Al\u0101 \u0100li Sayyidin\u0101 Mu\u1e25ammad,<br>\n    Kam\u0101 \u1e62allaita \u2018Al\u0101 Sayyidin\u0101 Ibr\u0101h\u012bm Wa \u2018Al\u0101 \u0100li Sayyidin\u0101 Ibr\u0101h\u012bm,<br>\n    Wa B\u0101rik \u2018Al\u0101 Sayyidin\u0101 Mu\u1e25ammad Wa \u2018Al\u0101 \u0100li Sayyidin\u0101 Mu\u1e25ammad,<br>\n    Kam\u0101 B\u0101rakta \u2018Al\u0101 Sayyidin\u0101 Ibr\u0101h\u012bm Wa \u2018Al\u0101 \u0100li Sayyidin\u0101 Ibr\u0101h\u012bm,<br>\n    Fil &#8216;\u0100lam\u012bn Innaka \u1e24am\u012bdun Maj\u012bd.\n  <\/p>\n  <p style=\"font-size:1.1em;text-align:center\">\n    <strong>Assalamualaikum warahmatullahi wabarakatuh,<\/strong><br>\n    Terima kasih kerana sudi melawat halaman ini.<br>\n    Di sini, saya sediakan ruang untuk anda meluah rasa, bertanya soalan, dan mencari ketenangan.<br><br>\n    <em>Jom, nak sembang apa kita hari ini?<\/em> \ud83c\udf3f\n  <\/p>\n<\/div>\n\n\n\n","protected":false},"excerpt":{"rendered":"<p>\u0628\u0650\u0633\u0652\u0645\u0650 \u0627\u0644\u0644\u0647\u0650 \u0627\u0644\u0631\u064e\u0651\u062d\u0652\u0645\u0670\u0646\u0650 \u0627\u0644\u0631\u064e\u0651\u062d\u0650\u064a\u0652\u0645\u0650 \u0627\u064e\u0644\u0644\u0651\u064e\u0647\u064f\u0645\u0651\u064e \u0635\u064e\u0644\u0651\u0650 \u0639\u064e\u0644\u0670\u0649 \u0633\u064e\u064a\u0651\u0650\u062f\u0650\u0646\u064e\u0627 \u0645\u064f\u062d\u064e\u0645\u0651\u064e\u062f\u064d \u0648\u064e\u0639\u064e\u0644\u0670\u0649 \u0627\u0670\u0644\u0650 \u0633\u064e\u064a\u0651\u0650\u062f\u0650\u0646\u064e\u0627 \u0645\u064f\u062d\u064e\u0645\u0651\u064e\u062f\u064d All\u0101humma \u1e62alli \u2018Al\u0101 Sayyidin\u0101 Mu\u1e25ammad Wa \u2018Al\u0101 \u0100li Sayyidin\u0101 Mu\u1e25ammad, Kam\u0101 \u1e62allaita \u2018Al\u0101 Sayyidin\u0101 Ibr\u0101h\u012bm Wa \u2018Al\u0101 \u0100li Sayyidin\u0101 Ibr\u0101h\u012bm, Wa B\u0101rik \u2018Al\u0101 Sayyidin\u0101 Mu\u1e25ammad Wa \u2018Al\u0101 \u0100li Sayyidin\u0101 Mu\u1e25ammad, Kam\u0101 B\u0101rakta \u2018Al\u0101 Sayyidin\u0101 Ibr\u0101h\u012bm Wa \u2018Al\u0101 \u0100li Sayyidin\u0101 Ibr\u0101h\u012bm, Fil &#8216;\u0100lam\u012bn &hellip; <a href=\"https:\/\/people.utm.my\/mohdshahrizanmohdsaad\/jom-layan-borak-seksyen\/\" class=\"more-link\">Continue reading <span class=\"screen-reader-text\">Jom Layan Borak Seksyen<\/span> <span class=\"meta-nav\">&rarr;<\/span><\/a><\/p>\n","protected":false},"author":14462,"featured_media":0,"parent":0,"menu_order":0,"comment_status":"closed","ping_status":"closed","template":"","meta":{"advanced_seo_description":"","jetpack_seo_html_title":"","jetpack_seo_noindex":false,"jetpack_post_was_ever_published":false,"footnotes":""},"class_list":["post-4722","page","type-page","status-publish","hentry"],"jetpack_sharing_enabled":true,"jetpack_shortlink":"https:\/\/wp.me\/PaGIjB-1ea","jetpack_likes_enabled":true,"jetpack-related-posts":[],"_links":{"self":[{"href":"https:\/\/people.utm.my\/mohdshahrizanmohdsaad\/wp-json\/wp\/v2\/pages\/4722","targetHints":{"allow":["GET"]}}],"collection":[{"href":"https:\/\/people.utm.my\/mohdshahrizanmohdsaad\/wp-json\/wp\/v2\/pages"}],"about":[{"href":"https:\/\/people.utm.my\/mohdshahrizanmohdsaad\/wp-json\/wp\/v2\/types\/page"}],"author":[{"embeddable":true,"href":"https:\/\/people.utm.my\/mohdshahrizanmohdsaad\/wp-json\/wp\/v2\/users\/14462"}],"replies":[{"embeddable":true,"href":"https:\/\/people.utm.my\/mohdshahrizanmohdsaad\/wp-json\/wp\/v2\/comments?post=4722"}],"version-history":[{"count":5,"href":"https:\/\/people.utm.my\/mohdshahrizanmohdsaad\/wp-json\/wp\/v2\/pages\/4722\/revisions"}],"predecessor-version":[{"id":4730,"href":"https:\/\/people.utm.my\/mohdshahrizanmohdsaad\/wp-json\/wp\/v2\/pages\/4722\/revisions\/4730"}],"wp:attachment":[{"href":"https:\/\/people.utm.my\/mohdshahrizanmohdsaad\/wp-json\/wp\/v2\/media?parent=4722"}],"curies":[{"name":"wp","href":"https:\/\/api.w.org\/{rel}","templated":true}]}}