{"id":14,"date":"2024-12-24T00:54:44","date_gmt":"2024-12-24T00:54:44","guid":{"rendered":"https:\/\/people.utm.my\/norhayani1\/?page_id=14"},"modified":"2025-12-04T02:27:14","modified_gmt":"2025-12-04T02:27:14","slug":"publication","status":"publish","type":"page","link":"https:\/\/people.utm.my\/norhayani1\/publication\/","title":{"rendered":"Publication"},"content":{"rendered":"\n<p>Selected Publications in Journals<\/p>\n\n\n\n<p class=\"has-small-font-size\">Mechanical, Thermal, and Flammability Properties of Eco-Friendly Nanocomposites from Recycled PET\/PA-11 Blends Reinforced with Graphene Nanoplatelets. Habib, Unsia, Mohammed E. Ali Mohsin, Zahid Iqbal Khan, Zurina Mohamad, <strong>Norhayani Othman<\/strong>, Suleiman Mousa, SK Safdar Hossain, and Syed Sadiq Ali. <em>Polymers<\/em>&nbsp;17, no. 8 (2025): 1038.<\/p>\n\n\n\n<p class=\"has-small-font-size\">Ionic Liquid and Binary Solvent Assisted Preparation of Silk Fibroin and Polyethylene Glycol Film: Structural and Mechanical Properties. Low, Jia Tee, Noor Izyan Syazana Mohd Yusoff, Mat Uzir Wahit, and <strong>Norhayani Othman<\/strong>. &nbsp;<em>Biopolymers<\/em>&nbsp;116, no. 3 (2025): e70015.<\/p>\n\n\n\n<p class=\"has-small-font-size\">Enhanced tribological and mechanical properties of polybutylene terephthalate nanocomposites reinforced with synthetic wollastonite nanofibers\/graphene oxide hybrid nanofillers, Jia Xin Chan, Joon Fatt Wong, Azman Hassan , <strong>Norhayani Othman<\/strong>, Jeefferie Abd Razak , Umar Nirmal , Shahrir Hashim , Yern Chee Ching, Muhamad Zaini Yunos , Ridwan Yahaya , T.M. Sampath U. Gunathilake, Diamond and Related Materials, (2023) 135,109835. https:\/\/doi.org\/10.1016\/j.diamond.2023.109835<\/p>\n\n\n\n<p class=\"has-small-font-size\">Effect of Zinc Dimethacrylate Concentrations on Properties of Emulsion Styrene Butadiene Rubber\/Butadiene Rubber Blends, Chuying Siaw, Norfhairna Baharulrazi, Siti Hajjar Che Man, <strong>Norhayani Othman, <\/strong>Plastics, Rubber and Composites. 52:6, 315-329 (2023). https:\/\/doi.org\/10.1080\/14658011.2023.2197822<\/p>\n\n\n\n<p class=\"has-small-font-size\">Mechanical, thermal, tribological, and flammability properties of polybutylene terephthalate composites: Comparing the effects of synthetic wollastonite nanofibers, natural wollastonite, and graphene oxide. Jia Xin Chan , Joon Fatt Wong , Azman Hassan , <strong>Norhayani Othman<\/strong> , Jeefferie Abd Razak , Umar Nirmal , Shahrir Hashim , Yern Chee Ching, Muhamad Zaini Yunos , Ridwan Yahaya , T.M. Sampath U. Gunathilake.. <em>Journal of Applied Polymer Science<\/em>. 140(6) (2023). https:\/\/doi.org\/10.1002\/app.53463<\/p>\n\n\n\n<p class=\"has-small-font-size\">Synthetic wollastonite nanofiber for polybutylene terephthalate nanocomposite: Mechanical, thermal, tribological and flammability properties &nbsp;Jia Xin Chan , Joon Fatt Wong , Azman Hassan , <strong>Norhayani Othman<\/strong> , Jeefferie Abd Razak , Umar Nirmal , Shahrir Hashim , Yern Chee Ching, Muhamad Zaini Yunos , Ridwan Yahaya , T.M. Sampath U. Gunathilake. <em>Polymer<\/em>. 256 (2022). https:\/\/doi.org\/10.1016\/j.polymer.2022.125259<\/p>\n\n\n\n<p class=\"has-small-font-size\">Silk Fibroin-Based Films in Food Packaging Applications: A Review. Jia Tee Low, Noor Izyan Syazana Mohd Yusoff, <strong>Norhayani Othman<\/strong>, Tuck-Whye Wong, Mat Uzir Wahit. <em>Comprehensive Reviews in Food Science and Food Safety.<\/em> 21(3) (2022). https:\/\/ift.onlinelibrary.wiley.com\/journal\/15414337<\/p>\n\n\n\n<p class=\"has-small-font-size\">Effect of Polyethylenimine on Properties of Emulsion Styrene Butadiene Rubber\/Butadiene Rubber Blends. Chuying Siaw, Norfhairna Baharulrazi, Siti Hajjar Che Man, <strong>Norhayani Othman<\/strong>, <em>Journal of Elastomers and Plastics<\/em>. (2022): 1-28. https:\/\/journals.sagepub.com\/doi\/10.1177\/00952443221087393<\/p>\n\n\n\n<p class=\"has-small-font-size\">UV Radiation Crosslinking of Acrylated Palm Olein (APO) Copolymer Resins For 3D Printing. Siti Nurul Syafika Sheikh Ibrahim, Mat Uzir Wahit, Marina Talib, Norhayani Othman, Nor Azwin Shukri, Farah Fadzehah Hilmi and Muhammad Amirul Arshad. <em>Key Engineering Materials<\/em> 908 (2022): 39-48.<\/p>\n\n\n\n<p class=\"has-small-font-size\">Kenaf Fibers Reinforced Unsaturated Polyester Composites: A Review. Reza Arjmandi , Ilknur Y\u0131ld\u0131r\u0131m, Fiona Hatton, Azman Hassan, Christopher Jefferies, Zurina Mohamad and Norhayani Othman.&nbsp; <em>Journal of Engineered Fibers and Fabrics<\/em> (2022). 16. doi.org\/10.1177\/15589250211040184.&nbsp;&nbsp;<\/p>\n\n\n\n<p class=\"has-small-font-size\">Mechanical Behaviours and Thermal Stabilities of Irradiated Epoxidized Natural Rubber\/Polyvinyl Chloride\/Carbon Nanotubes Nanocomposites. Ahmad M.S., Mohamad Z., Ratnam C.T., Othman N., Rasit Ali R., <em>Chemical Engineering Transactions<\/em> 97 (2022): 385-390. https:\/\/doi.org\/10.3303\/CET2297065<\/p>\n\n\n\n<p class=\"has-small-font-size\">Deodorizing Effects of Sepiolite on Odorous Volatile Organic Compounds of Natural Rubber Latex Films. Kok Lei Bing, Husna Madihah Hasan, Siti Hajjar Che Man, Norfhairna Baharulrazi, Norhayani Othman. <em>Environmental Quality Management.<\/em>(2021)<em> <\/em>https:\/\/doi.org\/10.1002\/tqem.21817<\/p>\n\n\n\n<p class=\"has-small-font-size\">Plasticizing Effects of Epoxidized Palm Oil on Mechanical and Thermal Properties of Poly(3-hydroxybutyrate-co-hydroxyvalerate)\/Poly(caprolactone) Blends. Siti Aishah Ramli, <strong>Norhayani Othman<\/strong>, Aznizam Abu Bakar, Azman Hassan. <em>Chemical Engineering Transactions<\/em> 83 (2021): 559-564. https:\/\/doi.org\/10.3303\/CET2183094<\/p>\n\n\n\n<p class=\"has-small-font-size\">Thermal and flammability properties of wollastonite-filled thermoplastic composites: a review. Wong Joon Fatt, Chan Jia Xin, Azman Hassan, Zurina Mohamad and <strong>Norhayani Othman<\/strong>. Journal of Materials Science&nbsp; (2021). 56(15), pp. 8911\u20138950. <a href=\"https:\/\/doi.org\/10.1007\/s10853-020-05255-5\">https:\/\/doi.org\/10.1007\/s10853-020-05255-5<\/a><\/p>\n\n\n\n<p class=\"has-small-font-size\">Impact strength and morphology of sustainably sourced recycling polyethylene terephthalate blends. Nur Hanis Mohd Rosmmi, Zahid Ikbal Khan, Zurina Mohamad, Rohah Abd Majid, Norhayani Othman, Siti Hajjar Che Man, Khairil Juhanni Abd Karim, <em>Chemical Engineering Transactions<\/em> 83 (2021): 265-270.<\/p>\n\n\n\n<p class=\"has-small-font-size\">The effect of kenaf loading on the mechanical properties of kenaf-reinforced recycled poly (ethylene terephthalate)\/recycled poly (propylene)(rPET\/rPP) composite. Marzuki, Nur Hidayah, Mat Uzir Wahit, Agus Arsad, <strong>Norhayani Othman<\/strong>, and Noor Izyan Syazana Mohd Yusoff. <em>Materials Today: Proceedings<\/em>&nbsp;(2021). https:\/\/doi.org\/10.1016\/j.matpr.2020.04.333<\/p>\n\n\n\n<p class=\"has-small-font-size\">Mechanical properties of wollastonite reinforced thermoplastic composites: A review. Chan, Jia X., Joon F. Wong, Azman Hassan, Zurina Mohamad, and <strong>Norhayani Othman<\/strong>. <em>Polymer Composites<\/em>&nbsp;41(2), (2020): 395-429. https:\/\/doi.org\/10.1002\/pc.25403<\/p>\n\n\n\n<p class=\"has-small-font-size\">Green hydrothermal synthesis of high aspect ratio wollastonite nanofibers: Effects of reaction medium, temperature and time. Xin, Chan Jia, Wong Joon Fatt, Azman Hassan, Nilesh Kumar Shrivastava, Zurina Mohamad, and <strong>Norhayani Othman<\/strong>. <em>Ceramics International<\/em>&nbsp;(2020).46(14), 2020, 22624-22634.<\/p>\n\n\n\n<p><strong>Edited Book<\/strong><\/p>\n\n\n\n<figure class=\"wp-block-table\"><table class=\"has-fixed-layout\"><tbody><tr><td><strong>Book Title<\/strong><\/td><td><strong>Year<\/strong><\/td><td><strong>Editor<\/strong><\/td><\/tr><tr><td>SPRINGER PROCEEDINGS IN MATERIALS<\/td><td>2025<\/td><td>Norhayani Othman, Pui San Khoi, Lin Feng Ng, Ahmad Ilyas Rusdan, Sanjay Mavinkere Rangappa<\/td><\/tr><tr><td>Properties of Polymer Blend and Clay Nanocomposite<\/td><td>2020<\/td><td>Norhayani Othman &amp; Zurina Mohamad<strong><\/strong><\/td><\/tr><tr><td>Current Research in Polymer Composites<\/td><td>2014<\/td><td>Norhayani Othman<strong><\/strong><\/td><\/tr><\/tbody><\/table><\/figure>\n\n\n\n<p><\/p>\n","protected":false},"excerpt":{"rendered":"<p>Selected Publications in Journals Mechanical, Thermal, and Flammability Properties of Eco-Friendly Nanocomposites from Recycled PET\/PA-11 Blends Reinforced with Graphene Nanoplatelets. Habib, Unsia, Mohammed E. Ali Mohsin, Zahid Iqbal Khan, Zurina Mohamad, Norhayani Othman, Suleiman Mousa, SK Safdar Hossain, and Syed &hellip; <a href=\"https:\/\/people.utm.my\/norhayani1\/publication\/\">Continue reading <span class=\"meta-nav\">&rarr;<\/span><\/a><\/p>\n","protected":false},"author":25207,"featured_media":0,"parent":0,"menu_order":0,"comment_status":"closed","ping_status":"closed","template":"","meta":{"footnotes":""},"class_list":["post-14","page","type-page","status-publish","hentry"],"_links":{"self":[{"href":"https:\/\/people.utm.my\/norhayani1\/wp-json\/wp\/v2\/pages\/14","targetHints":{"allow":["GET"]}}],"collection":[{"href":"https:\/\/people.utm.my\/norhayani1\/wp-json\/wp\/v2\/pages"}],"about":[{"href":"https:\/\/people.utm.my\/norhayani1\/wp-json\/wp\/v2\/types\/page"}],"author":[{"embeddable":true,"href":"https:\/\/people.utm.my\/norhayani1\/wp-json\/wp\/v2\/users\/25207"}],"replies":[{"embeddable":true,"href":"https:\/\/people.utm.my\/norhayani1\/wp-json\/wp\/v2\/comments?post=14"}],"version-history":[{"count":6,"href":"https:\/\/people.utm.my\/norhayani1\/wp-json\/wp\/v2\/pages\/14\/revisions"}],"predecessor-version":[{"id":118,"href":"https:\/\/people.utm.my\/norhayani1\/wp-json\/wp\/v2\/pages\/14\/revisions\/118"}],"wp:attachment":[{"href":"https:\/\/people.utm.my\/norhayani1\/wp-json\/wp\/v2\/media?parent=14"}],"curies":[{"name":"wp","href":"https:\/\/api.w.org\/{rel}","templated":true}]}}