{"id":366,"date":"2015-03-19T12:51:53","date_gmt":"2015-03-19T04:51:53","guid":{"rendered":"http:\/\/localhost\/shasha\/?page_id=366"},"modified":"2015-03-23T23:18:42","modified_gmt":"2015-03-23T15:18:42","slug":"conference-proceedings","status":"publish","type":"page","link":"https:\/\/people.utm.my\/shasha\/conference-proceedings\/","title":{"rendered":"Conference Proceedings"},"content":{"rendered":"<p><strong>Refereed Conference\/Proceeding<\/strong><\/p>\n<ol>\n<li>Nor Erniza Mohammad Rozali, Sharifah Rafidah Wan Alwi, Zainuddin Abdul Manan, Ji\u0159i Jaromir Kleme\u0161, Mohammad Yusri Hassan (2014). Cost-effective Load Shifting for Hybrid Power Systems Using Power Pinch Analysis. The 6th International Conference on Applied Energy (ICAE 2014). 30 May to 2 June 2014, Taipei, Taiwan.<\/li>\n<li>Irene Chan, Sharifah Rafidah Wan Alwi, Mimi H. Hassim, Zainuddin Abd Manan, Ji\u0159\u00ed Jarom\u00edr Kleme\u0161 (2014). Heat Exchanger Network Design Considering Inherent Safety. The 6th International Conference on Applied Energy (ICAE 2014).\u00a0 30 May to 2 June 2014, Taipei, Taiwan.<\/li>\n<li>Peng Yen Liew, Jeng Shiun Lim, Sharifah Rafidah Wan Alwi*, Zainuddin Abd Manan, Ji\u0159\u00ed Jarom\u00edr Kleme\u0161, Petar Sabev Varbanov (2013). An Effective Framework for Total Site Heat Recovery Systems Retrofit. 8th Conference on Sustainable Development of Energy, Water and Environment Systems (SDEWES 2013).\u00a0 22 to 27 Sept 2013, Dubrovnik, Crotia.<\/li>\n<li>Carmen Lee Kar Mun, Sharifah Rafidah Wan Alwi, Lee Kim Yau, Zainuddin A. Manan, Duncan M. Fraser (2013). Targeting Maximum Heat Recovery For Systems With Heat Losses and Heat Gains. 8th Conference on Sustainable Development of Energy, Water and Environment Systems (SDEWES 2013). 22 to 27 Sept 2013, Dubrovnik, Crotia. (Won the Best Paper Award)<\/li>\n<li>Kew Hong Chew, Sharifah Rafidah Wan Alwi, Ji\u0159\u00ed Jarom\u00edr Kleme\u0161, Zainuddin Abdul Manan (2013). Process Modification Potentials for Total Site Heat Integration. 16th Conference Process Integration, Modelling and Optimisation for Energy Saving and Pollution Reduction (PRES 2013). 28 Sept to 2 Oct 2013, Rhodes Island, Greece.<\/li>\n<li>Peng Yen Liew, Sharifah Rafidah Wan Alwi, Petar Sabev Varbanov, Zainuddin Abd Manan, Ji\u0159\u00ed Jarom\u00edr Kleme\u0161 (2013). Total Site Heat Integration with Seasonal Energy Availability. 16th Conference Process Integration, Modelling and Optimisation for Energy Saving and Pollution Reduction (PRES 2013). 28 Sept to 2 Oct 2013, Rhodes Island, Greece.<\/li>\n<li>Nor Erniza Mohammad Rozali, Sharifah Rafidah Wan Alwi, Zainuddin Abdul Manan, Ji\u0159\u00ed Jarom\u00edr Kleme\u0161 and Mohammad Yusri Hassan (2013). Optimisation of Pumped-Hydro Storage System for Hybrid Power System Using Power Pinch Analysis. 16th Conference Process Integration, Modelling and Optimisation for Energy Saving and Pollution Reduction (PRES 2013). 28 Sept to 2 Oct 2013, Rhodes Island, Greece. (Keynote Lecture)<\/li>\n<li>Suraya Hanim Abu Bakar, Mohd. Kamaruddin Abd. Hamid, Sharifah Rafidah Wan Alwi and Zainuddim Abdul Manan (2013). Integrated Process Design and Control of Heat Exchanger Networks for Biomethanol Production Plant. The 6th International Conference of Process Systems Engineering Asia, 25-27 June 2013, PWTC, Kuala Lumpur.<\/li>\n<li>Mohammadhossein Saniedanesh and Sharifah Rafidah Wan Alwi (2013). Potential of Heavy Metal Recovery from Wastewater and Sewage Sludge. The 6th International Conference of Process Systems Engineering Asia, 25-27 June 2013, PWTC, Kuala Lumpur.<\/li>\n<li>Nor Erniza Mohammad Rozali, Sharifah Rafidah Wan Alwi, Zainuddin Abdul Manan, Ji\u0159\u00ed Jarom\u00edr Kleme\u0161 and Mohammad Yusri Hassan (2013). Optimal Sizing Method for Hybrid Power Systems Using Power Pinch Analysis. The 6th International Conference of Process Systems Engineering Asia, 25-27 June 2013, PWTC, Kuala Lumpur.<\/li>\n<li>Hon Choong Chin, Weng Wai Choong, Sharifah Rafidah Wan Alwi and Abdul Hakim Mohammed (2013). Issues of Social Acceptance on Sustainable Biofuel Development. The 6th International Conference of Process Systems Engineering Asia, 25-27 June 2013, PWTC, Kuala Lumpur.<\/li>\n<li>Zainuddin Abdul Manan and Sharifah Rafidah Wan Alwi (2013). The 5M of Chemical Engineering \u2013 A Mundane Approach for Teaching Chemical Engineering and Process Design. The 6th International Conference of Process Systems Engineering Asia, 25-27 June 2013, PWTC, Kuala Lumpur.<\/li>\n<li>Haslenda Hashim, Khairiyah Mohd. Yusof, Sharifah Rafidah Wan Alwi, Zainura Zainun Noor, and Roslina Rashid (2013). Chemical Engineering Inter Faculty-College Project. The 6th International Conference of Process Systems Engineering Asia, 25-27 June 2013, PWTC, Kuala Lumpur.<\/li>\n<li>Peng Yen Liew, Jeng Shiun Lim, Sharifah Rafidah Wan Alwi, Ji\u0159\u00ed Jarom\u00edr Kleme\u0161, Petar Sabev Varbanov and Zainuddin Abdul Manan (2013). A Systematic Numerical Tool Accounting for Boiler Feed Water (BFW) in Total Site Heat Integration. The 6th International Conference of Process Systems Engineering Asia, 25-27 June 2013, PWTC, Kuala Lumpur.<\/li>\n<li>Jeng Shiun Lim, Zainuddin Abdul Manan, Haslenda Hashim and Sharifah Rafidah Wan Alwi (2013).\u00a0 A Sustainable Integrated Rice Mill Complex. The 6th International Conference of Process Systems Engineering Asia, 25-27 June 2013, PWTC, Kuala Lumpur.<\/li>\n<li>Kew H Chew, Jiri J Klemes, Sharifah R Wan Alwi and Zainuddin Abdul Manan (2013). Issues to be considered for Total Site Heat Integration &#8211; An Industrial Perspective. The 6th International Conference of Process Systems Engineering Asia, 25-27 June 2013, PWTC, Kuala Lumpur.<\/li>\n<li>Mohamad Asrul Mustapha, Sharifah Rafidah Wan Alwi and Zainuddin Abdul Manan (2013). Sustainable Green Management System. The 6th International Conference of Process Systems Engineering Asia, 25-27 June 2013, PWTC, Kuala Lumpur.<\/li>\n<li>N. Ghasemi, M. Ghasemi, Sharifah Rafidah Wan Alwi and Zainuddin Abdul Manan (2013). Removal of Nickel (II) from Aqueous Solution by Activated Carbon Prepared from Askari grape dust.\u00a0 The 6th International Conference of Process Systems Engineering Asia, 25-27 June 2013, PWTC, Kuala Lumpur.<\/li>\n<li>Mohammad Rozali, N. E., Wan Alwi, S.R., Manan, Z. A. and Klemes, J. J. (2012). A Targeting Method for Hybrid Power Systems with Energy Losses. 15th Conference Process Integration, Modelling and Optimisation for Energy Saving and Pollution Reduction (PRES 2012). 25-29 August 2012, Prague, Czech Republic.<\/li>\n<li>Peng Yen Liew, Sharifah Rafidah Wan Alwi, Petar Sabev Varbanov, Zainuddin Abd Manan, Ji\u0159\u00ed Jarom\u00edr Kleme\u0161 (2012). A Numerical Tool for Integrating Renewable Energy into Total Sites with Variable Supply and Demand. European Symposium on Computer Aided Process Engineering (ESCAPE22). 17-20 June 2012, University College London, United Kingdom.<\/li>\n<li>Sadiq Muhammad Munir, Zainuddin Abdul Manan and Sharifah Rafidah Wan Alwi (2012). Targeting the Maximum Carbon Exchange for a Total Industrial Site. European Symposium on Computer Aided Process Engineering (ESCAPE22). 17-20 June 2012, University College London, United Kingdom.<\/li>\n<li>Z. Abdul Manan, S. R. Wan Alwi, M. M. Sadiq, P. Varbanov (2012). Holistic Process Integration Approach for Regional Carbon Planning \u2013 Setting the Minimum Carbon Targets Using Carbon Cascade Analysis. 7th Conference on Sustainable Development of Energy, Water and Environment Systems \u2013 SDEWES Conference, 1-7 July 2012, Ohrid, Republic of Macedonia.<\/li>\n<li>Z. Abdul Manan, S. R. Wan Alwi (2012). Holistic and versatile process integration framework for maximising resource efficiency. 15th Conference Process Integration, Modelling and Optimisation for Energy Saving and Pollution Reduction (PRES 2012). 25-29 August 2012, Prague, Czech Republic.<\/li>\n<li>Lawal, M., Wan Alwi, S. R. and Manan, Z. A. (2011). A Systematic Method For Cost Effective Carbon Reduction (CECR) In Buildings. Hyatt Regency Hotel, Kuantan, Pahang, 28-30 Nov 2011, International Conference of Chemical Engineering and Industrial Biotechnology 2011 (SOMChE-ICCEIB 2011).<\/li>\n<li>Sadiq, M. M., Manan, Z. A. and Wan Alwi, S. R. (2011). Targeting The Maximum Carbon Exchange For A Total Industrial Site. Hyatt Regency Hotel, Kuantan, Pahang, 28-30 Nov 2011, International Conference of Chemical Engineering and Industrial Biotechnology 2011 (SOMChE-ICCEIB 2011).<\/li>\n<li>Handani, Z. B., Wan Alwi, S. R., Hashim, H. and Manan, Z. A. (2010).\u00a0 A model for cost effective minimum water utilization network with centralized regeneration and reuse system.\u00a0 The 5th International Symposium of Design, Operation and Control of Chemical Processes (PSE Asia 2010), Riverview Hotel, Singapore, 25-28 July 2010.<\/li>\n<li>Wan Alwi, S. R., Kit, S. G. and Manan, Z. A. (2010). A graphical approach for design of a maximum paper recycling network.\u00a0 The 5th International Symposium of Design, Operation and Control of Chemical Processes (PSE Asia 2010), Riverview Hotel, Singapore, 25-28 July 2010.<\/li>\n<li>Othman, N., Wan Alwi, S. R., Manan, Z. A.and M. R. Samidi (2010). A review of extraction technology for caretenoids and vitamin E recovery from palm oil.\u00a0 International Conference on Process Engineering and Advanced Materials (ICPEAM) and 24th Symposium of Malaysian Chemical Engineering (SOMChe 2010).\u00a0 Kuala Lumpur Conventiona Centre, 15-17 June 2010.<\/li>\n<li>Abbood, N., Wan Alwi, S. R. and Manan, Z. A. (2010). A new heuristic to indentify the pinch point prioir to any targeting calculations. International Conference on Process Engineering and Advanced Materials (ICPEAM) and 24th Symposium of Malaysian Chemical Engineering (SOMChe 2010). Kuala Lumpur Conventiona Centre, 15-17 June 2010.<\/li>\n<li>Misman, M., Wan Alwi, S. R. and Manan, Z. A. (2010). Segregated Problem Table Algorithm (SePTA) \u2013 A new tool for simulataneous targeting and design of a heat exchanger network.\u00a0 International Conference on Process Engineering and Advanced Materials (ICPEAM) and 24th Symposium of Malaysian Chemical Engineering (SOMChe 2010).\u00a0 Kuala Lumpur Conventiona Centre, 15-17 June 2010.<\/li>\n<li>Wan Alwi, S. R., Mohd Yusof, K., Hashim, H., Zainon, Z. (2010). Sustainability Education for First Year Engineering Students using Cooperative Problem Based Learning.\u00a0 The 3rd Regional Conference on Engineering Education and Research in Higher Education (RCEE &amp; RHEd2010), Grand Margherita Hotel, Kuching, Sarawak, 7-9th June 2010.<\/li>\n<li>Handani, Z. B., Wan Alwi, S. R., Hashim, H. and Manan, Z. A. (2010).\u00a0 An MILP Model for Holistic Design of Minimum Water Network.\u00a0 The 1st IWA Young Water Professionals Conference (IWAYP2010), 1-4 March 2010, KL.<\/li>\n<li>T.P. Handayani, S.R. Wan Alwi and Z. Abdul Manan (2009). A new systematic method for optimal heat recovery networks design with minimum area and exergy loss. ICCBPE-SOMChe, Sabah, 12th to 14 th August 2009.<\/li>\n<li>Handani, Z. B., Wan Alwi, S. R., Hashim, H. and Manan, Z. A. (2009).\u00a0 A Generic Approach for Synthesis of Minimum Water Utilisation Networks. ICCBPE-SOMChe, Sabah, 12th to 14 th August 2009.<\/li>\n<li>Wan Alwi, S. R., Manan, Z. A. and Misman, M. (2009). STEP- A new graphical tool for energy targeting and heat recovery network design. ICCBPE-SOMChe, Sabah, 12th to 14 th August 2009.<\/li>\n<li>Abd. Rahman, N. S., Wan Alwi, S. R., Manan, Z. A., Ghazali, N. and Salleh, S. (2008). The State of the art for the ethylene cracking furnace modeling. RSCE SOMCHE 2008, Hotel Impiana, Kuala Lumpur, 2-3 December 2008<\/li>\n<li>Wan Alwi, S. R. and Manan, Z. A. (2008). State of the art for water network design using graphical visualization tool.\u00a0 RSCE SOMCHE 2008, Hotel Impiana, Kuala Lumpur, 2-3 December 2008<\/li>\n<li>Handani, Z. B., Wan Alwi, S. R., Hashim, H. and Manan, Z. A. (2008). Simultaneous Targeting and design on minimum water networks involving multiple contaminants.\u00a0 RSCE SOMCHE 2008, Hotel Impiana, Kuala Lumpur, 2-3 December 2008<\/li>\n<li>Handayani, T. P., Wan Alwi, S. R. and Manan, Z. A. (2008). Minimum heat exchanger area using MATRIG technique for grassroots design.\u00a0 RSCE SOMCHE 2008, Hotel Impiana, Kuala Lumpur, 2-3 December 2008<\/li>\n<li>Ismail, A., Manan, Z. A. and Wan Alwi, S. R. (2008). A new design procedure for combined maximum heat and mass recovery network.\u00a0 RSCE SOMCHE 2008, Hotel Impiana, Kuala Lumpur, 2-3 December 2008<\/li>\n<li>Abd. Rahman, N. S., Wan Alwi, S. R., Manan, Z. A., Ghazali, N. and Salleh, S. (2008). Preliminary Modelling of the Computational Fluid Dynamics of Ethylene Cracker Furnace Using FLUENT, International Conference on Science and Technology (ICSTIE), Universiti Teknologi MARA, Pulau Pinang (12-13 December 2008).<\/li>\n<li>Misman, M., Wan Alwi, S. R. and Manan, Z. A. (2008). State of the art for paper recycling. International Conference on Science and Technology (ICSTIE), Universiti Teknologi MARA, Pulau Pinang (12-13 December 2008).<\/li>\n<li>Wan Alwi, S. R., Manan, Z. A. and Misman, M. (2008). A holistic framework for design of cost effective minimum energy network (CEMEN).\u00a0 International Conference on Environment 2008 (ICENV), Pulau Pinang, 15-16 December 2008.<\/li>\n<li>Handani, Z. B., Wan Alwi, S. R., Hashim, H. and Manan, Z. A. (2008). Optimal Design of Water Network Involving Single Contaminant.\u00a0 International Conference on Environment 2008 (ICENV), Pulau Pinang, 15-16 December 2008.<\/li>\n<li>Ismail, A., Manan, Z. A. and Wan Alwi, S. R. (2008). A new graphical approach for simulataneous water and hear reduction.\u00a0 International Conference on Environment 2008 (ICENV), Pulau Pinang, 15-16 December 2008.<\/li>\n<li>Wan Alwi, S. R., and Manan, Z. M. (2006). A cost effective minimum water design for urban sector . INRET2006 proceedings (24-26 July 06).<\/li>\n<li>Wan Alwi, S. R., Manan, Z. M., and Ujang, Z. (2004). Systematic technique for water minimization in urban water system using water pinch analysis. Proceedings of ASIA WATER 2004 (30-31 March 2004).<\/li>\n<li>Wan Alwi, S. R., Manan, Z. M. (2006). Benchmarking Water Utilisation Using Minimum Water Network Technique . SOMChe 2006 Proceedings (19-21December 2006).<\/li>\n<li>Wan Alwi, S. R., Manan, Z. M., Ujang, Z. (2004). Efficient Water Demand Management for Urban Systems based on Pinch Analysis . SOMChe 2004 Proceedings (13 \u2013 14 December 2004).<\/li>\n<li>Manan, Z. M., Wan Alwi, S. R., Ujang, Z. (2003).Municipal water pinch analysis. SOMChe 2003 Poster Presentation (22-24 December 2003).<\/li>\n<\/ol>\n<p><strong>Scopus-Indexed Proceeding<\/strong><\/p>\n<ol>\n<li>Nor Erniza Mohammad Rozali, Ong Su Tin, Sharifah Rafidah Wan Alwi, Zainuddin Abdul Manan, Ji\u0159\u00ed Jarom\u00edr Kleme\u0161, Mohammad Yusri Hassan. Electricity Load Reduction in Hybrid Power Systems Using Power Pinch Analysis. Computer Aided Chemical Engineering.\u00a0 33: 1495-1500.\u00a0 Proceedings of the 24th European Symposium on Computer Aided Process Engineering \u2013 ESCAPE 24.\u00a0 June 15-18, 2014, Budapest, Hungary.<\/li>\n<li>Peng Yen Liew, Sharifah Rafidah Wan Alwi, Ji\u0159\u00ed Jarom\u00edr Kleme\u0161 (2014). Total Site Heat Integration Design Incorporating Plant Layout Issues. Computer Aided Chemical Engineering.\u00a0 33: 1801-1806.\u00a0 Proceedings of the 24th European Symposium on Computer Aided Process Engineering \u2013 ESCAPE 24.\u00a0 June 15-18, 2014, Budapest, Hungary.<\/li>\n<li>Siti Nuurul Huda Mohammad Azmin, Azizul Azri Mustaffa, Sharifah Rafidah Wan Alwi, Zainuddin Abdul Manan, Lee Suan Chua (2014). Solubility Parameter Prediction for Kacip Fatimah Herb using Group Contribution-Based Models. Computer Aided Chemical Engineering. 33: Proceedings of the 24th European Symposium on Computer Aided Process Engineering \u2013 ESCAPE 24.\u00a0 June 15-18, 2014, Budapest, Hungary.<\/li>\n<li>Kew Hong Chew, Sharifah Rafidah Wan Alwi, Ji\u0159\u00ed Jarom\u00edr Kleme\u0161, Zainuddin Abdul Manan (2013). Process Modification Potentials for Total Site Heat Integration. Chemical Engineering Transactions. 35: 175-180. ISBN 978-88-95608-26-6; ISSN 1974 -9791 (Scopus Cited).<\/li>\n<li>Peng Yen Liew, Sharifah Rafidah Wan Alwi, Petar Sabev Varbanov, Zainuddin Abd Manan, Ji\u0159\u00ed Jarom\u00edr Kleme\u0161 (2013). Total Site Heat Integration with Seasonal Energy Availability. Chemical Engineering Transactions. 35: 19-24. ISBN 978-88-95608-26-6; ISSN 1974 -9791 (Scopus Cited).<\/li>\n<li>Nor Erniza Mohammad Rozali, Sharifah Rafidah Wan Alwi, Zainuddin Abdul Manan, Ji\u0159\u00ed Jarom\u00edr Kleme\u0161 and Mohammad Yusri Hassan (2013). Optimisation of Pumped-Hydro Storage System for Hybrid Power System Using Power Pinch Analysis. Chemical Engineering Transactions. 35: 85-90. ISBN 978-88-95608-26-6; ISSN 1974 -9791 (Scopus Cited).<\/li>\n<li>Mohammad Rozali, N. E., Wan Alwi, S.R., Manan, Z. A. and Klemes, J. J. (2012). A Targeting Method for Hybrid Power Systems with Energy Losses. Chemical Engineering Transactions. Vol. 29., 121-126. ISBN 978-88-95608-20-4; ISSN 1974-9791.<\/li>\n<li>Manan, Z. A. and Wan Alwi, S.R. (2012). Holistic and Versatile Process Integration Framework for Maximising Resource Efficiency. Chemical Engineering Transactions. Vol. 29., 55-60. ISBN 978-88-95608-20-4; ISSN 1974-9791.<\/li>\n<li>Wan Alwi, S. R., Manan, Z. A., Nam, S. K. (2012). A New Method to Determine the Optimum Heat Exchanger Network Approach. Computer Aided Chemical Engineering.\u00a0 31: 190-194.\u00a0 11th International Symposium on Process Systems Engineering.\u00a0 ISSN: 15707946 (Book Series).\u00a0 DOI: 10.1016\/B978-0-444-59507-2.50030-5. (Scopus Cited)<\/li>\n<li>Liew, P. Y., Wan Alwi, S. R., Varbanov, P. S., Manan, Z. A. and Klemes, J. K. (2012). A Numerical Analysis for Total Site Sensitivity.\u00a0 Computer Aided Chemical Engineering, Volume 31, 560-564.\u00a0 11th International Symposium on Process Systems Engineering. ISSN: 15707946 (Book Series).\u00a0 (Scopus Cited).<\/li>\n<li>Wan Alwi, S. R., Liew, P. Y., Varbanov, P. S., Manan, Z. A. and Klemes, J. K. (2012). A Numerical Tool for Integrating Renewable Energy into Total Sites with Variable Supply and Demand. Computer Aided Chemical Engineering, Volume 30, 1347-1351. 22nd European Symposium on Computer Aided Process Engineering. (Scopus Cited).<\/li>\n<li>Wan Alwi, S. R., Manan, Z. A. and Misman, M. (2012). A New Tool For Simultaneous Targeting And Design Of Heat Exchanger Networks. Computer Aided Chemical Engineering, Volume 31, 1547-1551. 11th International Symposium on Process Systems Engineering.\u00a0 (Scopus Cited)<\/li>\n<li>Handani, Z. B., Hashim, H., Wan Alwi, S. R. and Manan, Z. A. (2011). A Mixed Integer Linear\u00a0Programming (MILP) Model for Optimal Design of Water Network.\u00a0 International Conference on Modeling, Simulation and Applied Optimization (ICMSAO-2011), Hotel Impiana, Malaysia, 19-21 April 2011.<\/li>\n<\/ol>\n<ol start=\"14\">\n<li>Ismail, A., Wan Alwi, S. R. and Manan, Z. A. (2011). Simultaneous Targeting and Design for Non-Mass Transfer Based Water and Energy Reduction. International Conference on Modeling, Simulation and Applied Optimization (ICMSAO-2011), Hotel Impiana, Malaysia, 19-21 April 2011.<\/li>\n<li>Ching, H. H, Wan Alwi, S. R., Handani, Z. B., Manan, Z. A. and Hashim, H. (2011). A Cost Effective Minimum Water Network Model For Intra and Interplant System.\u00a0 International Conference on Modeling, Simulation and Applied Optimization (ICMSAO-2011), Hotel Impiana, Malaysia, 19-21 April 2011.<\/li>\n<\/ol>\n","protected":false},"excerpt":{"rendered":"<p>Refereed Conference\/Proceeding Nor Erniza Mohammad Rozali, Sharifah Rafidah Wan Alwi, Zainuddin Abdul Manan, Ji\u0159i Jaromir Kleme\u0161, Mohammad Yusri Hassan (2014). Cost-effective Load Shifting for Hybrid Power Systems Using Power Pinch Analysis. The 6th International Conference on Applied Energy (ICAE 2014). 30 May to 2 June 2014, Taipei, Taiwan. Irene Chan, Sharifah Rafidah Wan Alwi, Mimi [&hellip;]<\/p>\n","protected":false},"author":249,"featured_media":0,"parent":0,"menu_order":0,"comment_status":"closed","ping_status":"open","template":"","meta":{"footnotes":""},"class_list":["post-366","page","type-page","status-publish","hentry","entry"],"_links":{"self":[{"href":"https:\/\/people.utm.my\/shasha\/wp-json\/wp\/v2\/pages\/366","targetHints":{"allow":["GET"]}}],"collection":[{"href":"https:\/\/people.utm.my\/shasha\/wp-json\/wp\/v2\/pages"}],"about":[{"href":"https:\/\/people.utm.my\/shasha\/wp-json\/wp\/v2\/types\/page"}],"author":[{"embeddable":true,"href":"https:\/\/people.utm.my\/shasha\/wp-json\/wp\/v2\/users\/249"}],"replies":[{"embeddable":true,"href":"https:\/\/people.utm.my\/shasha\/wp-json\/wp\/v2\/comments?post=366"}],"version-history":[{"count":0,"href":"https:\/\/people.utm.my\/shasha\/wp-json\/wp\/v2\/pages\/366\/revisions"}],"wp:attachment":[{"href":"https:\/\/people.utm.my\/shasha\/wp-json\/wp\/v2\/media?parent=366"}],"curies":[{"name":"wp","href":"https:\/\/api.w.org\/{rel}","templated":true}]}}