{"id":493,"date":"2016-01-26T02:36:07","date_gmt":"2016-01-26T02:36:07","guid":{"rendered":"http:\/\/science.utm.my\/sibkrishna\/?page_id=493"},"modified":"2021-09-17T02:16:58","modified_gmt":"2021-09-17T02:16:58","slug":"referees","status":"publish","type":"page","link":"https:\/\/people.utm.my\/sibkrishna\/referees\/","title":{"rendered":"Referees"},"content":{"rendered":"<table style=\"height: 911px\" border=\"1\" width=\"663\">\n<tbody>\n<tr>\n<td width=\"196\"><span style=\"font-size: 12pt\"><strong>[1] Dr. Sunita Sharma<\/strong><\/span><\/td>\n<td width=\"394\">Assistant Professor (Selection Grade) Department of Applied Sciences, The Northcap University (formerly ITM University) Sec. 23A, Gurugram-122017, Haryana, India<\/p>\n<p>Tel: +911242365811\/12\/13, Mobile: +918826601579 &amp; +917011461088; Fax: +91124236748<\/p>\n<p><span style=\"font-size: 12pt\">Email: <a href=\"mailto:sunitasharma@ncuindia.edu\"><strong>sunitasharma@ncuindia.edu<\/strong><\/a><strong>; <\/strong><a href=\"mailto:sunphotonics@gmail.com\"><strong>sunphotonics@gmail.com<\/strong><\/a><br \/>\n<\/span><\/td>\n<\/tr>\n<tr>\n<td width=\"196\"><span style=\"font-size: 12pt\"><strong>[2] Professor Devendra Mohan <\/strong><\/span><\/td>\n<td width=\"394\"><span style=\"font-size: 12pt\"><span style=\"font-size: 12pt\"><br \/>\n<\/span><\/span>Department of Applied Physics, Guru Jambheshwar University of Science and Technology, Hisar, Haryana \u2013 125 001, India<\/p>\n<p>Tel: +91-9416893273, Mobile: <em>+<\/em>91-01662-263176, Fax+91-1662-276240<\/p>\n<p>E-mail: <a href=\"mailto:vand66@yahoo.com\"><strong>vand66@yahoo.com<\/strong><\/a><\/td>\n<\/tr>\n<tr>\n<td width=\"196\"><span style=\"font-size: 12pt\"><strong>[3] Dr. Khaidzir bin Hamzah<\/strong><\/span><\/td>\n<td width=\"394\"><span style=\"font-size: 12pt\"><span style=\"font-size: 12pt\"><br \/>\n<\/span><\/span>Academic Manager, Nuclear Engineering Undergraduate, Universiti Teknologi Malaysia (UTM), School of Chemical &amp; Energy Engineering Faculty of Engineering, 81310 Skudai, Johor Bahru, Johor, Malaysia<\/p>\n<p>Mobile: +60-13-7440689,<\/p>\n<p><span style=\"font-size: 12pt\">Email: <strong><u>khaidzir@utm.my<\/u><\/strong><br \/>\n<\/span><\/td>\n<\/tr>\n<tr>\n<td width=\"196\"><span style=\"font-size: 12pt\"><strong>[4] Professor Bibudhananda Biswal\u00a0<\/strong><\/span><\/td>\n<td width=\"394\">DIC, Cluster Innovation Centre, University of Delhi North Campus, Room No. 104, DREAM Building Gate\u00a0No. 4, Chhatra Marg, Delhi \u2013 110007, India<\/p>\n<p>Tel: +91-11-2766 6706\u00a0 Mobile: +91-9910336035<\/p>\n<p>Fax: +911127666702,<\/p>\n<p>Email: <a href=\"mailto:bibhucic@gmail.com\"><strong>bibhucic@gmail.com<\/strong><\/a><\/td>\n<\/tr>\n<tr>\n<td width=\"196\"><span style=\"font-size: 12pt\"><strong>[5] Dr. Hari Shanker Tewari\u00a0\u00a0\u00a0<\/strong><\/span><\/td>\n<td width=\"394\">Department of Physics, University Teaching Departments, Guru Ghasidas University, Koni, Bilaspur &#8211; 495 009, India. Tel: +9107752260159 (Off); 07752 260292 (Res), Mobile: +9109424140587<br \/>\nE-mail: <strong>tewarihs@yahoo.com<\/strong><strong>; <\/strong><a href=\"mailto:tewari.hs@gmail.com\"><strong>tewari.hs@gmail.com<\/strong><\/a><\/td>\n<\/tr>\n<tr>\n<td width=\"196\"><span style=\"font-size: 12pt\"><strong>[6] Professor Nicola Marzari<\/strong><\/span><\/td>\n<td width=\"394\">\u00c9cole Polytechnique F\u00e9d\u00e9rale de Lausanne<\/p>\n<p>EPFL, Domaine IT, CH-1015 Lausanne, Switzerland<\/p>\n<p>Tel: [+41 21 69] 31129, 31128 Off: MXC337<\/p>\n<p><span style=\"font-size: 12pt\">Email: <a href=\"mailto:nicola.marzari@epfl.ch\"><strong>nicola.marzari@epfl.ch<\/strong><\/a><strong>; <\/strong><a href=\"mailto:marzari@mit.edu\"><strong>marzari@mit.edu<\/strong><\/a><\/p>\n<p><\/span><\/td>\n<\/tr>\n<tr>\n<td width=\"196\">\n<h3><strong>[7] Professor Sushanta Dattagupta<\/strong><\/h3>\n<\/td>\n<td width=\"394\">INSA Senior Scientist, Bose Institute<\/p>\n<p>Kolkata 700054, West Bengal, India.<\/p>\n<p>Tel: +91-3463-262451\u00a0\u00a0 Fax: +91-3463-262672<\/p>\n<p>E-mail: <a href=\"mailto:sushantad@gmail.com\"><strong>sushantad@gmail.com<\/strong><\/a><\/td>\n<\/tr>\n<\/tbody>\n<\/table>\n","protected":false},"excerpt":{"rendered":"<p>[1] Dr. Sunita Sharma Assistant Professor (Selection Grade) Department of Applied Sciences, The Northcap University (formerly ITM University) Sec. 23A, Gurugram-122017, Haryana, India Tel: +911242365811\/12\/13, Mobile: +918826601579 &amp; +917011461088; Fax: +91124236748 Email: sunitasharma@ncuindia.edu; sunphotonics@gmail.com [2] Professor Devendra Mohan Department of Applied Physics, Guru Jambheshwar University of Science and Technology, Hisar, Haryana \u2013 125 001, India [&hellip;]<\/p>\n","protected":false},"author":111,"featured_media":0,"parent":0,"menu_order":0,"comment_status":"closed","ping_status":"closed","template":"","meta":{"_et_pb_use_builder":"","_et_pb_old_content":"","_et_gb_content_width":"","footnotes":""},"class_list":["post-493","page","type-page","status-publish","hentry"],"_links":{"self":[{"href":"https:\/\/people.utm.my\/sibkrishna\/wp-json\/wp\/v2\/pages\/493","targetHints":{"allow":["GET"]}}],"collection":[{"href":"https:\/\/people.utm.my\/sibkrishna\/wp-json\/wp\/v2\/pages"}],"about":[{"href":"https:\/\/people.utm.my\/sibkrishna\/wp-json\/wp\/v2\/types\/page"}],"author":[{"embeddable":true,"href":"https:\/\/people.utm.my\/sibkrishna\/wp-json\/wp\/v2\/users\/111"}],"replies":[{"embeddable":true,"href":"https:\/\/people.utm.my\/sibkrishna\/wp-json\/wp\/v2\/comments?post=493"}],"version-history":[{"count":1,"href":"https:\/\/people.utm.my\/sibkrishna\/wp-json\/wp\/v2\/pages\/493\/revisions"}],"predecessor-version":[{"id":862,"href":"https:\/\/people.utm.my\/sibkrishna\/wp-json\/wp\/v2\/pages\/493\/revisions\/862"}],"wp:attachment":[{"href":"https:\/\/people.utm.my\/sibkrishna\/wp-json\/wp\/v2\/media?parent=493"}],"curies":[{"name":"wp","href":"https:\/\/api.w.org\/{rel}","templated":true}]}}